{"id":14860,"date":"2020-11-24T11:06:09","date_gmt":"2020-11-24T11:06:09","guid":{"rendered":"http:\/\/hungcheung.com.au\/?page_id=14860"},"modified":"2020-11-25T02:12:01","modified_gmt":"2020-11-25T02:12:01","slug":"menuentree-soup","status":"publish","type":"page","link":"https:\/\/hungcheung.com.au\/?page_id=14860","title":{"rendered":"Entree Menu"},"content":{"rendered":"<div id=\"cmsmasters_row_rkd5vborl\" class=\"cmsmasters_row cmsmasters_color_scheme_default cmsmasters_row_top_default cmsmasters_row_bot_default cmsmasters_row_boxed\">\n<div class=\"cmsmasters_row_outer_parent\">\n<div class=\"cmsmasters_row_outer\">\n<div class=\"cmsmasters_row_inner\">\n<div class=\"cmsmasters_row_margin\">\n<div id=\"cmsmasters_column_8eaidycu6s\" class=\"cmsmasters_column one_first\">\n<div class=\"cmsmasters_column_inner\"><div id=\"cmsmasters_heading_tf5xck4w7\" class=\"cmsmasters_heading_wrap cmsmasters_heading_align_center\">\n\t<h3 class=\"cmsmasters_heading\">\u982d\u76d8\u7c7b<\/h3>\n<\/div><div id=\"cmsmasters_heading_g6aarvet4w\" class=\"cmsmasters_heading_wrap cmsmasters_heading_align_center\">\n\t<h2 class=\"cmsmasters_heading\">Entr\u00e9e (Khai V\u1ecb)<\/h2>\n<\/div>\n<\/div><\/div>\n<\/div>\n<\/div>\n<div class=\"cmsmasters_row_inner\">\n<div class=\"cmsmasters_row_margin\">\n<div id=\"cmsmasters_column_fol6xqnoc8\" class=\"cmsmasters_column one_first\">\n<div class=\"cmsmasters_column_inner\"><div id=\"cmsmasters_menu_shortcode_cjzdrd2p3\" class=\"cmsmasters_menu\">\n<div id=\"cmsmasters_menu_item_notlakiwcr\" class=\"cmsmasters_menu_item\">\n<div class=\"cmsmasters_menu_item_inner\">\n<div class=\"menu_title_wrap\">\n<h4 class=\"menu_title\">\u6c34\u6676\u8766\u997a\u7687(\u56db\u53ea)<\/h4>\n<h6 class=\"cmsmasters_menu_price\">$10.80<\/h6>\n<\/div>\n<div class=\"menu_feature_list_wrap\">\n<ul class=\"menu_feature_list\">\n<li>Steamed King Prawn Dumplings(4 Pieces)<\/li>\n<li>S\u1ee7i C\u1ea3o T\u00f4m H\u1ea5p\/Chi\u00ean (4 vi\u00ean)<\/li>\n<\/ul>\n<\/div>\n<\/div>\n<\/div>\n<div id=\"cmsmasters_menu_item_odwvyweiw6\" class=\"cmsmasters_menu_item\">\n<div class=\"cmsmasters_menu_item_inner\">\n<div class=\"menu_title_wrap\">\n<h4 class=\"menu_title\">\u51e4\u57ce\u70e7\u5356 (\u56db\u53ea)<\/h4>\n<h6 class=\"cmsmasters_menu_price\">$9.80<\/h6>\n<\/div>\n<div class=\"menu_feature_list_wrap\">\n<ul class=\"menu_feature_list\">\n<li>Steamed or Fried Dim Sim (4 Pieces)<\/li>\n<li>S\u1ee7i C\u1ea3o Heo H\u1ea5p\/Chi\u00ean (4 vi\u00ean)<\/li>\n<\/ul>\n<\/div>\n<\/div>\n<\/div>\n<div id=\"cmsmasters_menu_item_v3gxuvi6ii\" class=\"cmsmasters_menu_item\">\n<div class=\"cmsmasters_menu_item_inner\">\n<div class=\"menu_title_wrap\">\n<h4 class=\"menu_title\">\u83e0\u83dc\u8766\u997a(\u56db\u53ea)<\/h4>\n<h6 class=\"cmsmasters_menu_price\">$8.80<\/h6>\n<\/div>\n<div class=\"menu_feature_list_wrap\">\n<ul class=\"menu_feature_list\">\n<li>Steamed Spinach &amp; Prawn Dumplings(4 Pieces)<\/li>\n<li>S\u1ee7i C\u1ea3o Rau T\u00f4m H\u1ea5p<\/li>\n<\/ul>\n<\/div>\n<\/div>\n<\/div>\n<div id=\"cmsmasters_menu_item_gd44ilmvx6\" class=\"cmsmasters_menu_item\">\n<div class=\"cmsmasters_menu_item_inner\">\n<div class=\"menu_title_wrap\">\n<h4 class=\"menu_title\">\u4e0a\u6d77\u5c0f\u7b3c\u5305 (\u4e94\u53ea)<\/h4>\n<h6 class=\"cmsmasters_menu_price\">$10.80<\/h6>\n<\/div>\n<div class=\"menu_feature_list_wrap\">\n<ul class=\"menu_feature_list\">\n<li>Steamed Xiao Long Bao (Soap Dumplings ) (5 Pieces)<\/li>\n<li>B\u00e1nh Bao H\u1ea5p (5 chi\u1ebfc)<\/li>\n<\/ul>\n<\/div>\n<\/div>\n<\/div>\n<div id=\"cmsmasters_menu_item_dgsn1lvzh\" class=\"cmsmasters_menu_item\">\n<div class=\"cmsmasters_menu_item_inner\">\n<div class=\"menu_title_wrap\">\n<h4 class=\"menu_title\">\u8106\u76ae\u7d20\u6625\u5377(\u56db\u53ea)<\/h4>\n<h6 class=\"cmsmasters_menu_price\">$8.80<\/h6>\n<\/div>\n<div class=\"menu_feature_list_wrap\">\n<ul class=\"menu_feature_list\">\n<li>Fried Vegetable Spring Rolls(4 pieces)<\/li>\n<li>Nem R\u00e1n (4 c\u00e1i)<\/li>\n<\/ul>\n<\/div>\n<\/div>\n<\/div>\n<div id=\"cmsmasters_menu_item_rvhb5rj3b\" class=\"cmsmasters_menu_item\">\n<div class=\"cmsmasters_menu_item_inner\">\n<div class=\"menu_title_wrap\">\n<h4 class=\"menu_title\">\u7ca4\u5f0f\u767d\u5207\u8d70\u5730\u9e21(\u534a\u53ea)<\/h4>\n<h6 class=\"cmsmasters_menu_price\">$28.80<\/h6>\n<\/div>\n<div class=\"menu_feature_list_wrap\">\n<ul class=\"menu_feature_list\">\n<li>Steamed Free Range Chicken(Half)<\/li>\n<li>G\u00e0 Th\u1ea3 H\u1ea5p (G\u00e0 Ta) (N\u1eeda Con)<\/li>\n<\/ul>\n<\/div>\n<\/div>\n<\/div>\n<div id=\"cmsmasters_menu_item_evnuigw99t\" class=\"cmsmasters_menu_item\">\n<div class=\"cmsmasters_menu_item_inner\">\n<div class=\"menu_title_wrap\">\n<h4 class=\"menu_title\">\u6d77\u8707\u718f\u8e44<\/h4>\n<h6 class=\"cmsmasters_menu_price\">$29.80<\/h6>\n<\/div>\n<div class=\"menu_feature_list_wrap\">\n<ul class=\"menu_feature_list\">\n<li>Jelly Fish &amp; Pig Trotter<\/li>\n<li>S\u1ee9a &amp; M\u00f3ng Heo<\/li>\n<\/ul>\n<\/div>\n<\/div>\n<\/div>\n<div id=\"cmsmasters_menu_item_ljvspf1d0m\" class=\"cmsmasters_menu_item menu_best\">\n<div class=\"cmsmasters_menu_item_inner\">\n<div class=\"menu_title_wrap\">\n<h4 class=\"menu_title\">\u5317\u4eac\u586b\u9e2d(\u5169\u98df) 12\u7247\u9e2d\u997c\uff0b\u751f\u83dc\u5305\u6216\u9e2d\u4e1d\u7092\u9762<\/h4>\n<h6 class=\"cmsmasters_menu_price\">$68.80\/38.80<\/h6>\n<\/div>\n<div class=\"menu_feature_list_wrap\">\n<ul class=\"menu_feature_list\">\n<li>Whole Peking Duck\uff0d6\/12 Pancakes + San Choy Bow or $2 Stir Fried Duck Noodles<\/li>\n<li>V\u1ecbt B\u1eafc Kinh Nguy\u00ean Con\u2013 6\/12 Mi\u1ebfng B\u00e1nh K\u1ebfp + San Choy Bow ho\u1eb7c $2 V\u1ecbt Quay X\u00e0o M\u00ec<\/li>\n<\/ul>\n<\/div>\n<\/div>\n<\/div>\n<\/div>\n<div id=\"cmsmasters_menu_shortcode_3qpusu6gof\" class=\"cmsmasters_menu\">\n<div id=\"cmsmasters_menu_item_ny8aklbsb\" class=\"cmsmasters_menu_item\">\n<div class=\"cmsmasters_menu_item_inner\">\n<div class=\"menu_title_wrap\">\n<h4 class=\"menu_title\">\u829d\u9ebb\u867e\u591a\u58eb(\u516d\u7247)<\/h4>\n<h6 class=\"cmsmasters_menu_price\">$12.80<\/h6>\n<\/div>\n<div class=\"menu_feature_list_wrap\">\n<ul class=\"menu_feature_list\">\n<li>Sesame Prawn Toasts(6 pieces)<\/li>\n<li>B\u00e1nh t\u00f4m (6 c\u00e1i)<\/li>\n<\/ul>\n<\/div>\n<\/div>\n<\/div>\n<div id=\"cmsmasters_menu_item_r6spi37tpb\" class=\"cmsmasters_menu_item\">\n<div class=\"cmsmasters_menu_item_inner\">\n<div class=\"menu_title_wrap\">\n<h4 class=\"menu_title\">\u6d77\u9c9c\u751f\u83dc\u5305(\u56db\u7247)<\/h4>\n<h6 class=\"cmsmasters_menu_price\">$16.80<\/h6>\n<\/div>\n<div class=\"menu_feature_list_wrap\">\n<ul class=\"menu_feature_list\">\n<li>Seafood San Choy Bow(4 pieces)<\/li>\n<li>H\u1ea3i S\u1ea3n San Choy Bow (4 mi\u1ebfng)<\/li>\n<\/ul>\n<\/div>\n<\/div>\n<\/div>\n<div id=\"cmsmasters_menu_item_eosh8dkvj\" class=\"cmsmasters_menu_item\">\n<div class=\"cmsmasters_menu_item_inner\">\n<div class=\"menu_title_wrap\">\n<h4 class=\"menu_title\">\u732a\/\u9e21\/\u7d20\u83dc\u751f\u83dc\u5305(\u56db\u7247)<\/h4>\n<h6 class=\"cmsmasters_menu_price\">$12.80<\/h6>\n<\/div>\n<div class=\"menu_feature_list_wrap\">\n<ul class=\"menu_feature_list\">\n<li>Pork\/Chicken\/Vegetable San Choy Bow(4 pieces)<\/li>\n<li>Heo\/G\u00e0\/Chay San Choy Bao (4 mi\u1ebfng)<\/li>\n<\/ul>\n<\/div>\n<\/div>\n<\/div>\n<div id=\"cmsmasters_menu_item_u885a5lfw8\" class=\"cmsmasters_menu_item\">\n<div class=\"cmsmasters_menu_item_inner\">\n<div class=\"menu_title_wrap\">\n<h4 class=\"menu_title\">\u871c\u6c41\u53c9\u70e7<\/h4>\n<h6 class=\"cmsmasters_menu_price\">$22.80<\/h6>\n<\/div>\n<div class=\"menu_feature_list_wrap\">\n<ul class=\"menu_feature_list\">\n<li>Honey Barbecue Pork<\/li>\n<li>Heo Quay M\u1eadt Ong<\/li>\n<\/ul>\n<\/div>\n<\/div>\n<\/div>\n<div id=\"cmsmasters_menu_item_mmlk53jugi\" class=\"cmsmasters_menu_item\">\n<div class=\"cmsmasters_menu_item_inner\">\n<div class=\"menu_title_wrap\">\n<h4 class=\"menu_title\">\u660e\u7089\u70e7\u9e2d(\u534a\u53ea)<\/h4>\n<h6 class=\"cmsmasters_menu_price\">$24.80<\/h6>\n<\/div>\n<div class=\"menu_feature_list_wrap\">\n<ul class=\"menu_feature_list\">\n<li>Cantonese Roasted Duck(Half)<\/li>\n<li>V\u1ecbt Quay (N\u1eeda Con)<\/li>\n<\/ul>\n<\/div>\n<\/div>\n<\/div>\n<div id=\"cmsmasters_menu_item_krzbtei4gr\" class=\"cmsmasters_menu_item\">\n<div class=\"cmsmasters_menu_item_inner\">\n<div class=\"menu_title_wrap\">\n<h4 class=\"menu_title\">\u70e7\u5473\u53cc\u62fc<\/h4>\n<h6 class=\"cmsmasters_menu_price\">$24.80<\/h6>\n<\/div>\n<div class=\"menu_feature_list_wrap\">\n<ul class=\"menu_feature_list\">\n<li>Mixed BBQ Pork &amp; Duck<\/li>\n<li>V\u1ecbt Quay v\u00e0 Heo Quay Tr\u1ed9n L\u1eabn<\/li>\n<\/ul>\n<\/div>\n<\/div>\n<\/div>\n<div id=\"cmsmasters_menu_item_l59hp1s5c\" class=\"cmsmasters_menu_item\">\n<div class=\"cmsmasters_menu_item_inner\">\n<div class=\"menu_title_wrap\">\n<h4 class=\"menu_title\">\u7ea2\u70e7\u4e73\u9e3d\u7687(\u6bcf\u53ea)<\/h4>\n<h6 class=\"cmsmasters_menu_price\">$33.80<\/h6>\n<\/div>\n<div class=\"menu_feature_list_wrap\">\n<ul class=\"menu_feature_list\">\n<li>Fried BBQ Pigeon<\/li>\n<li>Chim Quay<\/li>\n<\/ul>\n<\/div>\n<\/div>\n<\/div>\n<div id=\"cmsmasters_menu_item_wgl7dywow\" class=\"cmsmasters_menu_item\">\n<div class=\"cmsmasters_menu_item_inner\">\n<div class=\"menu_title_wrap\">\n<h4 class=\"menu_title\">\u70e7\u5473\u62fc\u76d8(\u5927\uff0f\u4e2d\uff0f\u5c0f)<\/h4>\n<h6 class=\"cmsmasters_menu_price\">$39.80\/68.80\/88.80<\/h6>\n<\/div>\n<div class=\"menu_feature_list_wrap\">\n<ul class=\"menu_feature_list\">\n<li>Mixed Cantonese Barbecue Platter<\/li>\n<li>Th\u1ecbt Quay Tr\u1ed9n L\u1eabn (Nh\u1ecf\/V\u1eeba\/L\u1edbn)<\/li>\n<\/ul>\n<\/div>\n<\/div>\n<\/div>\n<\/div>\n<\/div><\/div>\n<\/div>\n<\/div>\n<\/div>\n<\/div>\n<\/div>\n<div id=\"cmsmasters_row_38n5b7jjh\" class=\"cmsmasters_row cmsmasters_color_scheme_default cmsmasters_row_top_default cmsmasters_row_bot_default cmsmasters_row_boxed\">\n<div class=\"cmsmasters_row_outer_parent\">\n<div class=\"cmsmasters_row_outer\">\n<div class=\"cmsmasters_row_inner\">\n<div class=\"cmsmasters_row_margin\">\n<div id=\"cmsmasters_column_pg7nrja6g\" class=\"cmsmasters_column one_first\">\n<div class=\"cmsmasters_column_inner\"><div id=\"cmsmasters_heading_1abqjjw47f\" class=\"cmsmasters_heading_wrap cmsmasters_heading_align_center\">\n\t<h5 class=\"cmsmasters_heading\">MONDAY \u2013 SATURDAY : SERVICE 10:00 AM \u2013 10:30 PM<\/h5>\n<\/div><div id=\"cmsmasters_heading_dicyoyei3\" class=\"cmsmasters_heading_wrap cmsmasters_heading_align_center\">\n\t<h5 class=\"cmsmasters_heading\">338 MARRICKVILLE RD, MARRICKVILLE NSW 2204<\/h5>\n<\/div>\n<\/div><\/div>\n<\/div>\n<\/div>\n<div class=\"cmsmasters_row_inner\">\n<div class=\"cmsmasters_row_margin\">\n<div id=\"cmsmasters_column_klwn8gt618\" class=\"cmsmasters_column one_third\">\n<div class=\"cmsmasters_column_inner\"><\/div><\/div>\n<div id=\"cmsmasters_column_j0ifyt9fzh\" class=\"cmsmasters_column one_third\">\n<div class=\"cmsmasters_column_inner\"><div id=\"cmsmasters_icon_vg78dedwgn\" class=\"cmsmasters_icon_wrap\"><a href=\"#\"><span class=\"cmsmasters_simple_icon cmsmasters-icon-facebook-squared\"><\/span><span class=\"cmsmasters_simple_icon_title\"><\/span><\/a><\/div>\n<div id=\"cmsmasters_icon_3iowyvcqyc\" class=\"cmsmasters_icon_wrap\"><a href=\"#\"><span class=\"cmsmasters_simple_icon cmsmasters-icon-pinterest-squared\"><\/span><span class=\"cmsmasters_simple_icon_title\"><\/span><\/a><\/div>\n<div id=\"cmsmasters_icon_q565itdieo\" class=\"cmsmasters_icon_wrap\"><a href=\"#\"><span class=\"cmsmasters_simple_icon cmsmasters-icon-twitter-squared\"><\/span><span class=\"cmsmasters_simple_icon_title\"><\/span><\/a><\/div>\n<\/div><\/div>\n<div id=\"cmsmasters_column_rnviwk6zo\" class=\"cmsmasters_column one_third\">\n<div class=\"cmsmasters_column_inner\"><\/div><\/div>\n<\/div>\n<\/div>\n<\/div>\n<\/div>\n<\/div>\n<div id=\"cmsmasters_row_m2uz56f11l\" class=\"cmsmasters_row cmsmasters_color_scheme_default cmsmasters_row_top_default cmsmasters_row_bot_default cmsmasters_row_boxed\">\n<div class=\"cmsmasters_row_outer_parent\">\n<div class=\"cmsmasters_row_outer\">\n<div class=\"cmsmasters_row_inner\">\n<div class=\"cmsmasters_row_margin\">\n<div id=\"cmsmasters_column_dzl7oqnjc2\" class=\"cmsmasters_column one_first\">\n<div class=\"cmsmasters_column_inner\"><p><\/p>\n<\/div><\/div>\n<\/div>\n<\/div>\n<\/div>\n<\/div>\n<\/div>\n\n","protected":false},"excerpt":{"rendered":"","protected":false},"author":1,"featured_media":14792,"parent":0,"menu_order":0,"comment_status":"closed","ping_status":"closed","template":"","meta":[],"yoast_head":"<!-- This site is optimized with the Yoast SEO plugin v15.3 - https:\/\/yoast.com\/wordpress\/plugins\/seo\/ -->\n<title>Entree Menu - Hung Cheung<\/title>\n<meta name=\"robots\" content=\"index, follow, max-snippet:-1, max-image-preview:large, max-video-preview:-1\" \/>\n<link rel=\"canonical\" href=\"https:\/\/hungcheung.com.au\/?page_id=14860\" \/>\n<meta property=\"og:locale\" content=\"en_US\" \/>\n<meta property=\"og:type\" content=\"article\" \/>\n<meta property=\"og:title\" content=\"Entree Menu - Hung Cheung\" \/>\n<meta property=\"og:url\" content=\"https:\/\/hungcheung.com.au\/?page_id=14860\" \/>\n<meta property=\"og:site_name\" content=\"Hung Cheung\" \/>\n<meta property=\"article:modified_time\" content=\"2020-11-25T02:12:01+00:00\" \/>\n<meta property=\"og:image\" content=\"https:\/\/hungcheung.com.au\/wp-content\/uploads\/2020\/11\/hungcheung-home1-lobster.jpg\" \/>\n\t<meta property=\"og:image:width\" content=\"1291\" \/>\n\t<meta property=\"og:image:height\" content=\"863\" \/>\n<meta name=\"twitter:card\" content=\"summary_large_image\" \/>\n<meta name=\"twitter:label1\" content=\"Written by\">\n\t<meta name=\"twitter:data1\" content=\"hungcheung\">\n\t<meta name=\"twitter:label2\" content=\"Est. reading time\">\n\t<meta name=\"twitter:data2\" content=\"5 minutes\">\n<script type=\"application\/ld+json\" class=\"yoast-schema-graph\">{\"@context\":\"https:\/\/schema.org\",\"@graph\":[{\"@type\":\"WebSite\",\"@id\":\"https:\/\/hungcheung.com.au\/#website\",\"url\":\"https:\/\/hungcheung.com.au\/\",\"name\":\"Hung Cheung\",\"description\":\"Just another WordPress site\",\"potentialAction\":[{\"@type\":\"SearchAction\",\"target\":\"https:\/\/hungcheung.com.au\/?s={search_term_string}\",\"query-input\":\"required name=search_term_string\"}],\"inLanguage\":\"en-US\"},{\"@type\":\"ImageObject\",\"@id\":\"https:\/\/hungcheung.com.au\/?page_id=14860#primaryimage\",\"inLanguage\":\"en-US\",\"url\":\"https:\/\/hungcheung.com.au\/wp-content\/uploads\/2020\/11\/hungcheung-home1-lobster.jpg\",\"width\":1291,\"height\":863},{\"@type\":\"WebPage\",\"@id\":\"https:\/\/hungcheung.com.au\/?page_id=14860#webpage\",\"url\":\"https:\/\/hungcheung.com.au\/?page_id=14860\",\"name\":\"Entree Menu - Hung Cheung\",\"isPartOf\":{\"@id\":\"https:\/\/hungcheung.com.au\/#website\"},\"primaryImageOfPage\":{\"@id\":\"https:\/\/hungcheung.com.au\/?page_id=14860#primaryimage\"},\"datePublished\":\"2020-11-24T11:06:09+00:00\",\"dateModified\":\"2020-11-25T02:12:01+00:00\",\"inLanguage\":\"en-US\",\"potentialAction\":[{\"@type\":\"ReadAction\",\"target\":[\"https:\/\/hungcheung.com.au\/?page_id=14860\"]}]}]}<\/script>\n<!-- \/ Yoast SEO plugin. -->","_links":{"self":[{"href":"https:\/\/hungcheung.com.au\/index.php?rest_route=\/wp\/v2\/pages\/14860"}],"collection":[{"href":"https:\/\/hungcheung.com.au\/index.php?rest_route=\/wp\/v2\/pages"}],"about":[{"href":"https:\/\/hungcheung.com.au\/index.php?rest_route=\/wp\/v2\/types\/page"}],"author":[{"embeddable":true,"href":"https:\/\/hungcheung.com.au\/index.php?rest_route=\/wp\/v2\/users\/1"}],"replies":[{"embeddable":true,"href":"https:\/\/hungcheung.com.au\/index.php?rest_route=%2Fwp%2Fv2%2Fcomments&post=14860"}],"version-history":[{"count":16,"href":"https:\/\/hungcheung.com.au\/index.php?rest_route=\/wp\/v2\/pages\/14860\/revisions"}],"predecessor-version":[{"id":14921,"href":"https:\/\/hungcheung.com.au\/index.php?rest_route=\/wp\/v2\/pages\/14860\/revisions\/14921"}],"wp:featuredmedia":[{"embeddable":true,"href":"https:\/\/hungcheung.com.au\/index.php?rest_route=\/wp\/v2\/media\/14792"}],"wp:attachment":[{"href":"https:\/\/hungcheung.com.au\/index.php?rest_route=%2Fwp%2Fv2%2Fmedia&parent=14860"}],"curies":[{"name":"wp","href":"https:\/\/api.w.org\/{rel}","templated":true}]}}