{"id":14892,"date":"2020-11-25T02:01:59","date_gmt":"2020-11-25T02:01:59","guid":{"rendered":"http:\/\/hungcheung.com.au\/?page_id=14892"},"modified":"2020-11-25T02:12:21","modified_gmt":"2020-11-25T02:12:21","slug":"poultry","status":"publish","type":"page","link":"https:\/\/hungcheung.com.au\/?page_id=14892","title":{"rendered":"Poultry Menu"},"content":{"rendered":"<div id=\"cmsmasters_row_rkd5vborl\" class=\"cmsmasters_row cmsmasters_color_scheme_default cmsmasters_row_top_default cmsmasters_row_bot_default cmsmasters_row_boxed\">\n<div class=\"cmsmasters_row_outer_parent\">\n<div class=\"cmsmasters_row_outer\">\n<div class=\"cmsmasters_row_inner\">\n<div class=\"cmsmasters_row_margin\">\n<div id=\"cmsmasters_column_8eaidycu6s\" class=\"cmsmasters_column one_first\">\n<div class=\"cmsmasters_column_inner\"><div id=\"cmsmasters_heading_tf5xck4w7\" class=\"cmsmasters_heading_wrap cmsmasters_heading_align_center\">\n\t<h3 class=\"cmsmasters_heading\">\u9e21\u9e2d\u7c7b<\/h3>\n<\/div><div id=\"cmsmasters_heading_g6aarvet4w\" class=\"cmsmasters_heading_wrap cmsmasters_heading_align_center\">\n\t<h2 class=\"cmsmasters_heading\">Poultry (Gia C\u1ea7m)<\/h2>\n<\/div>\n<\/div><\/div>\n<\/div>\n<\/div>\n<div class=\"cmsmasters_row_inner\">\n<div class=\"cmsmasters_row_margin\">\n<div id=\"cmsmasters_column_fol6xqnoc8\" class=\"cmsmasters_column one_first\">\n<div class=\"cmsmasters_column_inner\"><div id=\"cmsmasters_menu_shortcode_cjzdrd2p3\" class=\"cmsmasters_menu\">\n<div id=\"cmsmasters_menu_item_rf0keh3kzi\" class=\"cmsmasters_menu_item\">\n<div class=\"cmsmasters_menu_item_inner\">\n<div class=\"menu_title_wrap\">\n<h4 class=\"menu_title\">\u5496\u55b1\u9e21\u7403<\/h4>\n<h6 class=\"cmsmasters_menu_price\">$21.80<\/h6>\n<\/div>\n<div class=\"menu_feature_list_wrap\">\n<ul class=\"menu_feature_list\">\n<li>Stir Fried Curry Chicken<\/li>\n<li>C\u00e0 Ri G\u00e0<\/li>\n<\/ul>\n<\/div>\n<\/div>\n<\/div>\n<div id=\"cmsmasters_menu_item_4i03lw5a1\" class=\"cmsmasters_menu_item\">\n<div class=\"cmsmasters_menu_item_inner\">\n<div class=\"menu_title_wrap\">\n<h4 class=\"menu_title\">\u871c\u7cd6\u9e21\u7403<\/h4>\n<h6 class=\"cmsmasters_menu_price\">$21.80<\/h6>\n<\/div>\n<div class=\"menu_feature_list_wrap\">\n<ul class=\"menu_feature_list\">\n<li>Honey Chicken<\/li>\n<li>G\u00e0 Chi\u00ean M\u1eadt Ong<\/li>\n<\/ul>\n<\/div>\n<\/div>\n<\/div>\n<div id=\"cmsmasters_menu_item_v3eb8xflxq\" class=\"cmsmasters_menu_item\">\n<div class=\"cmsmasters_menu_item_inner\">\n<div class=\"menu_title_wrap\">\n<h4 class=\"menu_title\">\u67e0\u6aac\u9e21<\/h4>\n<h6 class=\"cmsmasters_menu_price\">$21.80<\/h6>\n<\/div>\n<div class=\"menu_feature_list_wrap\">\n<ul class=\"menu_feature_list\">\n<li>Lemon Chicken<\/li>\n<li>G\u00e0 Chi\u00ean S\u1ed1t Chanh<\/li>\n<\/ul>\n<\/div>\n<\/div>\n<\/div>\n<div id=\"cmsmasters_menu_item_yj91pb5sqh\" class=\"cmsmasters_menu_item\">\n<div class=\"cmsmasters_menu_item_inner\">\n<div class=\"menu_title_wrap\">\n<h4 class=\"menu_title\">\u6c99\u7239\u9e21\u7403<\/h4>\n<h6 class=\"cmsmasters_menu_price\">$21.80<\/h6>\n<\/div>\n<div class=\"menu_feature_list_wrap\">\n<ul class=\"menu_feature_list\">\n<li>Satay Chicken<\/li>\n<li>G\u00e0 X\u00e0o Sa T\u1ebf<\/li>\n<\/ul>\n<\/div>\n<\/div>\n<\/div>\n<div id=\"cmsmasters_menu_item_pyoe99srr4\" class=\"cmsmasters_menu_item\">\n<div class=\"cmsmasters_menu_item_inner\">\n<div class=\"menu_title_wrap\">\n<h4 class=\"menu_title\">\u8170\u679c\u9e21\u67f3<\/h4>\n<h6 class=\"cmsmasters_menu_price\">$21.80<\/h6>\n<\/div>\n<div class=\"menu_feature_list_wrap\">\n<ul class=\"menu_feature_list\">\n<li>Stir Fried Chicken in Cashew Nuts<\/li>\n<li>G\u00e0 X\u00e0o H\u1ea1t \u0110i\u1ec1u<\/li>\n<\/ul>\n<\/div>\n<\/div>\n<\/div>\n<div id=\"cmsmasters_menu_item_vl54eq8s0g\" class=\"cmsmasters_menu_item\">\n<div class=\"cmsmasters_menu_item_inner\">\n<div class=\"menu_title_wrap\">\n<h4 class=\"menu_title\">\u5bab\u4fdd\u9e21<\/h4>\n<h6 class=\"cmsmasters_menu_price\">$21.80<\/h6>\n<\/div>\n<div class=\"menu_feature_list_wrap\">\n<ul class=\"menu_feature_list\">\n<li>Stir Fried Chicken with Peanuts<\/li>\n<li>G\u00e0 X\u00e0o \u0110\u1eadu Ph\u1ee5ng<\/li>\n<\/ul>\n<\/div>\n<\/div>\n<\/div>\n<\/div>\n<div id=\"cmsmasters_menu_shortcode_a4txldmu\" class=\"cmsmasters_menu\">\n<div id=\"cmsmasters_menu_item_uagmp2bwgj\" class=\"cmsmasters_menu_item\">\n<div class=\"cmsmasters_menu_item_inner\">\n<div class=\"menu_title_wrap\">\n<h4 class=\"menu_title\">\u70b8\u5b50\u9e21<\/h4>\n<h6 class=\"cmsmasters_menu_price\">$21.80<\/h6>\n<\/div>\n<div class=\"menu_feature_list_wrap\">\n<ul class=\"menu_feature_list\">\n<li>Fried Crispy Chicken<\/li>\n<li>G\u00e0 Chi\u00ean (N\u1eeda Con)<\/li>\n<\/ul>\n<\/div>\n<\/div>\n<\/div>\n<div id=\"cmsmasters_menu_item_vbc475b01o\" class=\"cmsmasters_menu_item\">\n<div class=\"cmsmasters_menu_item_inner\">\n<div class=\"menu_title_wrap\">\n<h4 class=\"menu_title\">\u5c71\u4e1c\u9e21<\/h4>\n<h6 class=\"cmsmasters_menu_price\">$21.80<\/h6>\n<\/div>\n<div class=\"menu_feature_list_wrap\">\n<ul class=\"menu_feature_list\">\n<li>Shandong Chicken(Half)<\/li>\n<li>G\u00e0 Qu\u1ea3ng \u0110\u00f4ng (N\u1eeda Con)<\/li>\n<\/ul>\n<\/div>\n<\/div>\n<\/div>\n<div id=\"cmsmasters_menu_item_rdbso6hb1h\" class=\"cmsmasters_menu_item\">\n<div class=\"cmsmasters_menu_item_inner\">\n<div class=\"menu_title_wrap\">\n<h4 class=\"menu_title\">\u8471\u6cb9\u70e7\u9e21<\/h4>\n<h6 class=\"cmsmasters_menu_price\">$21.80<\/h6>\n<\/div>\n<div class=\"menu_feature_list_wrap\">\n<ul class=\"menu_feature_list\">\n<li>Roast Chicken in Ginger and Shallot Soy Sauce <\/li>\n<li>G\u00e0 Quay X\u00e0o G\u1eebng H\u00e0nh (N\u1eeda Con)<\/li>\n<\/ul>\n<\/div>\n<\/div>\n<\/div>\n<div id=\"cmsmasters_menu_item_lmeat7w8h5\" class=\"cmsmasters_menu_item\">\n<div class=\"cmsmasters_menu_item_inner\">\n<div class=\"menu_title_wrap\">\n<h4 class=\"menu_title\">\u67e0\u6aac\u8f6f\u9e2d <\/h4>\n<h6 class=\"cmsmasters_menu_price\">$29.80<\/h6>\n<\/div>\n<div class=\"menu_feature_list_wrap\">\n<ul class=\"menu_feature_list\">\n<li>Lemon Duck<\/li>\n<li>V\u1ecbt S\u1ed1t Chanh<\/li>\n<\/ul>\n<\/div>\n<\/div>\n<\/div>\n<div id=\"cmsmasters_menu_item_ut9dfcwcwy\" class=\"cmsmasters_menu_item\">\n<div class=\"cmsmasters_menu_item_inner\">\n<div class=\"menu_title_wrap\">\n<h4 class=\"menu_title\">\u5317\u83c7\u6252\u9e2d<\/h4>\n<h6 class=\"cmsmasters_menu_price\">$29.80<\/h6>\n<\/div>\n<div class=\"menu_feature_list_wrap\">\n<ul class=\"menu_feature_list\">\n<li>Braised Duck with Mushroom<\/li>\n<li>V\u1ecbt Om N\u1ea5m<\/li>\n<\/ul>\n<\/div>\n<\/div>\n<\/div>\n<div id=\"cmsmasters_menu_item_05683muwl\" class=\"cmsmasters_menu_item\">\n<div class=\"cmsmasters_menu_item_inner\">\n<div class=\"menu_title_wrap\">\n<h4 class=\"menu_title\">\u516b\u73cd\u6252\u9e2d<\/h4>\n<h6 class=\"cmsmasters_menu_price\">$29.80<\/h6>\n<\/div>\n<div class=\"menu_feature_list_wrap\">\n<ul class=\"menu_feature_list\">\n<li>Boneless Duck In Combination<\/li>\n<li>V\u1ecbt Om \u0110\u1eadu Ph\u1ee5<\/li>\n<\/ul>\n<\/div>\n<\/div>\n<\/div>\n<\/div>\n<\/div><\/div>\n<\/div>\n<\/div>\n<\/div>\n<\/div>\n<\/div>\n<div id=\"cmsmasters_row_38n5b7jjh\" class=\"cmsmasters_row cmsmasters_color_scheme_default cmsmasters_row_top_default cmsmasters_row_bot_default cmsmasters_row_boxed\">\n<div class=\"cmsmasters_row_outer_parent\">\n<div class=\"cmsmasters_row_outer\">\n<div class=\"cmsmasters_row_inner\">\n<div class=\"cmsmasters_row_margin\">\n<div id=\"cmsmasters_column_pg7nrja6g\" class=\"cmsmasters_column one_first\">\n<div class=\"cmsmasters_column_inner\"><div id=\"cmsmasters_heading_1abqjjw47f\" class=\"cmsmasters_heading_wrap cmsmasters_heading_align_center\">\n\t<h5 class=\"cmsmasters_heading\">MONDAY \u2013 SATURDAY : SERVICE 10:00 AM \u2013 10:30 PM<\/h5>\n<\/div><div id=\"cmsmasters_heading_dicyoyei3\" class=\"cmsmasters_heading_wrap cmsmasters_heading_align_center\">\n\t<h5 class=\"cmsmasters_heading\">338 MARRICKVILLE RD, MARRICKVILLE NSW 2204<\/h5>\n<\/div>\n<\/div><\/div>\n<\/div>\n<\/div>\n<div class=\"cmsmasters_row_inner\">\n<div class=\"cmsmasters_row_margin\">\n<div id=\"cmsmasters_column_klwn8gt618\" class=\"cmsmasters_column one_third\">\n<div class=\"cmsmasters_column_inner\"><\/div><\/div>\n<div id=\"cmsmasters_column_j0ifyt9fzh\" class=\"cmsmasters_column one_third\">\n<div class=\"cmsmasters_column_inner\"><div id=\"cmsmasters_icon_vg78dedwgn\" class=\"cmsmasters_icon_wrap\"><a href=\"#\"><span class=\"cmsmasters_simple_icon cmsmasters-icon-facebook-squared\"><\/span><span class=\"cmsmasters_simple_icon_title\"><\/span><\/a><\/div>\n<div id=\"cmsmasters_icon_3iowyvcqyc\" class=\"cmsmasters_icon_wrap\"><a href=\"#\"><span class=\"cmsmasters_simple_icon cmsmasters-icon-pinterest-squared\"><\/span><span class=\"cmsmasters_simple_icon_title\"><\/span><\/a><\/div>\n<div id=\"cmsmasters_icon_q565itdieo\" class=\"cmsmasters_icon_wrap\"><a href=\"#\"><span class=\"cmsmasters_simple_icon cmsmasters-icon-twitter-squared\"><\/span><span class=\"cmsmasters_simple_icon_title\"><\/span><\/a><\/div>\n<\/div><\/div>\n<div id=\"cmsmasters_column_rnviwk6zo\" class=\"cmsmasters_column one_third\">\n<div class=\"cmsmasters_column_inner\"><\/div><\/div>\n<\/div>\n<\/div>\n<\/div>\n<\/div>\n<\/div>\n<div id=\"cmsmasters_row_m2uz56f11l\" class=\"cmsmasters_row cmsmasters_color_scheme_default cmsmasters_row_top_default cmsmasters_row_bot_default cmsmasters_row_boxed\">\n<div class=\"cmsmasters_row_outer_parent\">\n<div class=\"cmsmasters_row_outer\">\n<div class=\"cmsmasters_row_inner\">\n<div class=\"cmsmasters_row_margin\">\n<div id=\"cmsmasters_column_dzl7oqnjc2\" class=\"cmsmasters_column one_first\">\n<div class=\"cmsmasters_column_inner\"><p><\/p>\n<\/div><\/div>\n<\/div>\n<\/div>\n<\/div>\n<\/div>\n<\/div>\n\n","protected":false},"excerpt":{"rendered":"","protected":false},"author":1,"featured_media":14792,"parent":0,"menu_order":0,"comment_status":"closed","ping_status":"closed","template":"","meta":[],"yoast_head":"<!-- This site is optimized with the Yoast SEO plugin v15.3 - https:\/\/yoast.com\/wordpress\/plugins\/seo\/ -->\n<title>Poultry Menu - Hung Cheung<\/title>\n<meta name=\"robots\" content=\"index, follow, max-snippet:-1, max-image-preview:large, max-video-preview:-1\" \/>\n<link rel=\"canonical\" href=\"https:\/\/hungcheung.com.au\/?page_id=14892\" \/>\n<meta property=\"og:locale\" content=\"en_US\" \/>\n<meta property=\"og:type\" content=\"article\" \/>\n<meta property=\"og:title\" content=\"Poultry Menu - Hung Cheung\" \/>\n<meta property=\"og:url\" content=\"https:\/\/hungcheung.com.au\/?page_id=14892\" \/>\n<meta property=\"og:site_name\" content=\"Hung Cheung\" \/>\n<meta property=\"article:modified_time\" content=\"2020-11-25T02:12:21+00:00\" \/>\n<meta property=\"og:image\" content=\"https:\/\/hungcheung.com.au\/wp-content\/uploads\/2020\/11\/hungcheung-home1-lobster.jpg\" \/>\n\t<meta property=\"og:image:width\" content=\"1291\" \/>\n\t<meta property=\"og:image:height\" content=\"863\" \/>\n<meta name=\"twitter:card\" content=\"summary_large_image\" \/>\n<meta name=\"twitter:label1\" content=\"Written by\">\n\t<meta name=\"twitter:data1\" content=\"hungcheung\">\n\t<meta name=\"twitter:label2\" content=\"Est. reading time\">\n\t<meta name=\"twitter:data2\" content=\"4 minutes\">\n<script type=\"application\/ld+json\" class=\"yoast-schema-graph\">{\"@context\":\"https:\/\/schema.org\",\"@graph\":[{\"@type\":\"WebSite\",\"@id\":\"https:\/\/hungcheung.com.au\/#website\",\"url\":\"https:\/\/hungcheung.com.au\/\",\"name\":\"Hung Cheung\",\"description\":\"Just another WordPress site\",\"potentialAction\":[{\"@type\":\"SearchAction\",\"target\":\"https:\/\/hungcheung.com.au\/?s={search_term_string}\",\"query-input\":\"required name=search_term_string\"}],\"inLanguage\":\"en-US\"},{\"@type\":\"ImageObject\",\"@id\":\"https:\/\/hungcheung.com.au\/?page_id=14892#primaryimage\",\"inLanguage\":\"en-US\",\"url\":\"https:\/\/hungcheung.com.au\/wp-content\/uploads\/2020\/11\/hungcheung-home1-lobster.jpg\",\"width\":1291,\"height\":863},{\"@type\":\"WebPage\",\"@id\":\"https:\/\/hungcheung.com.au\/?page_id=14892#webpage\",\"url\":\"https:\/\/hungcheung.com.au\/?page_id=14892\",\"name\":\"Poultry Menu - Hung Cheung\",\"isPartOf\":{\"@id\":\"https:\/\/hungcheung.com.au\/#website\"},\"primaryImageOfPage\":{\"@id\":\"https:\/\/hungcheung.com.au\/?page_id=14892#primaryimage\"},\"datePublished\":\"2020-11-25T02:01:59+00:00\",\"dateModified\":\"2020-11-25T02:12:21+00:00\",\"inLanguage\":\"en-US\",\"potentialAction\":[{\"@type\":\"ReadAction\",\"target\":[\"https:\/\/hungcheung.com.au\/?page_id=14892\"]}]}]}<\/script>\n<!-- \/ Yoast SEO plugin. -->","_links":{"self":[{"href":"https:\/\/hungcheung.com.au\/index.php?rest_route=\/wp\/v2\/pages\/14892"}],"collection":[{"href":"https:\/\/hungcheung.com.au\/index.php?rest_route=\/wp\/v2\/pages"}],"about":[{"href":"https:\/\/hungcheung.com.au\/index.php?rest_route=\/wp\/v2\/types\/page"}],"author":[{"embeddable":true,"href":"https:\/\/hungcheung.com.au\/index.php?rest_route=\/wp\/v2\/users\/1"}],"replies":[{"embeddable":true,"href":"https:\/\/hungcheung.com.au\/index.php?rest_route=%2Fwp%2Fv2%2Fcomments&post=14892"}],"version-history":[{"count":4,"href":"https:\/\/hungcheung.com.au\/index.php?rest_route=\/wp\/v2\/pages\/14892\/revisions"}],"predecessor-version":[{"id":14922,"href":"https:\/\/hungcheung.com.au\/index.php?rest_route=\/wp\/v2\/pages\/14892\/revisions\/14922"}],"wp:featuredmedia":[{"embeddable":true,"href":"https:\/\/hungcheung.com.au\/index.php?rest_route=\/wp\/v2\/media\/14792"}],"wp:attachment":[{"href":"https:\/\/hungcheung.com.au\/index.php?rest_route=%2Fwp%2Fv2%2Fmedia&parent=14892"}],"curies":[{"name":"wp","href":"https:\/\/api.w.org\/{rel}","templated":true}]}}