{"id":529,"date":"2015-04-20T11:50:56","date_gmt":"2015-04-20T11:50:56","guid":{"rendered":"http:\/\/welfare.cmsmasters.net\/?page_id=529"},"modified":"2020-11-26T11:57:59","modified_gmt":"2020-11-26T11:57:59","slug":"menu","status":"publish","type":"page","link":"https:\/\/hungcheung.com.au\/?page_id=529","title":{"rendered":"Menu"},"content":{"rendered":"<div id=\"cmsmasters_row_rkd5vborl\" class=\"cmsmasters_row cmsmasters_color_scheme_default cmsmasters_row_top_default cmsmasters_row_bot_default cmsmasters_row_boxed\">\n<div class=\"cmsmasters_row_outer_parent\">\n<div class=\"cmsmasters_row_outer\">\n<div class=\"cmsmasters_row_inner\">\n<div class=\"cmsmasters_row_margin\">\n<div id=\"cmsmasters_column_8eaidycu6s\" class=\"cmsmasters_column one_first\">\n<div class=\"cmsmasters_column_inner\"><div id=\"cmsmasters_heading_tf5xck4w7\" class=\"cmsmasters_heading_wrap cmsmasters_heading_align_center\">\n\t<h3 class=\"cmsmasters_heading\">\u751f\u731b\u6d77\u9c9c\u7c7b<\/h3>\n<\/div><div id=\"cmsmasters_heading_g6aarvet4w\" class=\"cmsmasters_heading_wrap cmsmasters_heading_align_center\">\n\t<h2 class=\"cmsmasters_heading\">FRESH SEAFOOD<\/h2>\n<\/div>\n<\/div><\/div>\n<\/div>\n<\/div>\n<div class=\"cmsmasters_row_inner\">\n<div class=\"cmsmasters_row_margin\">\n<div id=\"cmsmasters_column_fol6xqnoc8\" class=\"cmsmasters_column one_first\">\n<div class=\"cmsmasters_column_inner\"><div id=\"cmsmasters_menu_shortcode_cjzdrd2p3\" class=\"cmsmasters_menu\">\n<div id=\"cmsmasters_menu_item_0oivv24dqr\" class=\"cmsmasters_menu_item menu_best\">\n<div class=\"cmsmasters_menu_item_inner\">\n<div class=\"menu_title_wrap\">\n<h4 class=\"menu_title\">XO\u9171\u7092\u86ac<\/h4>\n<h6 class=\"cmsmasters_menu_price\">  <\/h6>\n<\/div>\n<div class=\"cmsmasters_menu_best_feature\">MARKET PRICE<\/div>\n<div class=\"menu_feature_list_wrap\">\n<ul class=\"menu_feature_list\">\n<li>Live Pipis with XO Sauce<\/li>\n<li>Ngh\u00eau t\u01b0\u01a1i x\u00e0o X.O<\/li>\n<\/ul>\n<\/div>\n<\/div>\n<\/div>\n<div id=\"cmsmasters_menu_item_qwy5x7m137\" class=\"cmsmasters_menu_item menu_best\">\n<div class=\"cmsmasters_menu_item_inner\">\n<div class=\"menu_title_wrap\">\n<h4 class=\"menu_title\">\u65b0\u9c9c\u751f\u869d (\u53ea) <\/h4>\n<h6 class=\"cmsmasters_menu_price\">  <\/h6>\n<\/div>\n<div class=\"cmsmasters_menu_best_feature\">MARKET PRICE<\/div>\n<div class=\"menu_feature_list_wrap\">\n<ul class=\"menu_feature_list\">\n<li>Fresh Oyster (each)<\/li>\n<li>H\u00e0u s\u1ed1ng (Gi\u00e1 theo con) <\/li>\n<\/ul>\n<\/div>\n<\/div>\n<\/div>\n<div id=\"cmsmasters_menu_item_x1dfc88yxq\" class=\"cmsmasters_menu_item menu_best\">\n<div class=\"cmsmasters_menu_item_inner\">\n<div class=\"menu_title_wrap\">\n<h4 class=\"menu_title\">\u751f\u731b\u6fb3\u6d32\u9c9c\u5e26\u5b50(\u53ea)<\/h4>\n<h6 class=\"cmsmasters_menu_price\">  <\/h6>\n<\/div>\n<div class=\"cmsmasters_menu_best_feature\">MARKET PRICE<\/div>\n<div class=\"menu_feature_list_wrap\">\n<ul class=\"menu_feature_list\">\n<li>Live Scallop(each) <\/li>\n<li>\u0110i\u1ec7p s\u1ed1ng (Gi\u00e1 theo con) <\/li>\n<\/ul>\n<\/div>\n<\/div>\n<\/div>\n<div id=\"cmsmasters_menu_item_0ed4cnto7\" class=\"cmsmasters_menu_item menu_best\">\n<div class=\"cmsmasters_menu_item_inner\">\n<div class=\"menu_title_wrap\">\n<h4 class=\"menu_title\">\u6e05\u84b8\u6e38\u6c34\u9c8d\u9c7c(\u53ea) <\/h4>\n<h6 class=\"cmsmasters_menu_price\">  <\/h6>\n<\/div>\n<div class=\"cmsmasters_menu_best_feature\">MARKET PRICE<\/div>\n<div class=\"menu_feature_list_wrap\">\n<ul class=\"menu_feature_list\">\n<li>Live Baby Abalone(each)<\/li>\n<li>B\u00e0o ng\u01b0 s\u1ed1ng (Gi\u00e1 theo con)<\/li>\n<\/ul>\n<\/div>\n<\/div>\n<\/div>\n<div id=\"cmsmasters_menu_item_2pxtk5vjxq\" class=\"cmsmasters_menu_item menu_best\">\n<div class=\"cmsmasters_menu_item_inner\">\n<div class=\"menu_title_wrap\">\n<h4 class=\"menu_title\">\u6e38\u6c34\u661f\u6591\u9c7c(\u5927\/\u4e2d\/\u5c0f) <\/h4>\n<h6 class=\"cmsmasters_menu_price\">  <\/h6>\n<\/div>\n<div class=\"cmsmasters_menu_best_feature\">MARKET PRICE<\/div>\n<div class=\"menu_feature_list_wrap\">\n<ul class=\"menu_feature_list\">\n<li>Live Coral Trout(L\/M\/S)<\/li>\n<li>C\u00e1 h\u1ed3i san h\u00f4 s\u1ed1ng (L\/M\/S)<\/li>\n<\/ul>\n<\/div>\n<\/div>\n<\/div>\n<\/div>\n<div id=\"cmsmasters_menu_shortcode_3qpusu6gof\" class=\"cmsmasters_menu\">\n<div id=\"cmsmasters_menu_item_2kijvjtw7n\" class=\"cmsmasters_menu_item menu_best\">\n<div class=\"cmsmasters_menu_item_inner\">\n<div class=\"menu_title_wrap\">\n<h4 class=\"menu_title\">\u6e38\u6c34\u660e\u66f9\u9c7c(\u6761) <\/h4>\n<h6 class=\"cmsmasters_menu_price\">  <\/h6>\n<\/div>\n<div class=\"cmsmasters_menu_best_feature\">MARKET PRICE<\/div>\n<div class=\"menu_feature_list_wrap\">\n<ul class=\"menu_feature_list\">\n<li>Live Barramundi(each) <\/li>\n<li>C\u00e1 ch\u1ebdm s\u1ed1ng (Gi\u00e1 theo con)<\/li>\n<\/ul>\n<\/div>\n<\/div>\n<\/div>\n<div id=\"cmsmasters_menu_item_6n1ewkc5wa\" class=\"cmsmasters_menu_item menu_best\">\n<div class=\"cmsmasters_menu_item_inner\">\n<div class=\"menu_title_wrap\">\n<h4 class=\"menu_title\">\u6e38\u6c34\u9c88\u9c7c(\u6761) <\/h4>\n<h6 class=\"cmsmasters_menu_price\">  <\/h6>\n<\/div>\n<div class=\"cmsmasters_menu_best_feature\">MARKET PRICE<\/div>\n<div class=\"menu_feature_list_wrap\">\n<ul class=\"menu_feature_list\">\n<li>Live Perch(each) <\/li>\n<li>C\u00e1 r\u00f4 s\u1ed1ng (Gi\u00e1 theo con)<\/li>\n<\/ul>\n<\/div>\n<\/div>\n<\/div>\n<div id=\"cmsmasters_menu_item_ou5zvu7l8\" class=\"cmsmasters_menu_item menu_best\">\n<div class=\"cmsmasters_menu_item_inner\">\n<div class=\"menu_title_wrap\">\n<h4 class=\"menu_title\">\u6e38\u6c34\u9752\u8863\u9c7c(kg)<\/h4>\n<h6 class=\"cmsmasters_menu_price\">  <\/h6>\n<\/div>\n<div class=\"cmsmasters_menu_best_feature\">MARKET PRICE<\/div>\n<div class=\"menu_feature_list_wrap\">\n<ul class=\"menu_feature_list\">\n<li>Live parrot fish(kg)<\/li>\n<li>C\u00e1 v\u1eb9t s\u1ed1ng (gi\u00e1 theo kg)<\/li>\n<\/ul>\n<\/div>\n<\/div>\n<\/div>\n<div id=\"cmsmasters_menu_item_jrv7z99hcs\" class=\"cmsmasters_menu_item menu_best\">\n<div class=\"cmsmasters_menu_item_inner\">\n<div class=\"menu_title_wrap\">\n<h4 class=\"menu_title\">\u6fb3\u6d32\u9f8d\u8766<\/h4>\n<h6 class=\"cmsmasters_menu_price\">  <\/h6>\n<\/div>\n<div class=\"cmsmasters_menu_best_feature\">MARKET PRICE<\/div>\n<div class=\"menu_feature_list_wrap\">\n<ul class=\"menu_feature_list\">\n<li>Lobster(1\/2kg) <\/li>\n<li>T\u00f4m h\u00f9m s\u1ed1ng (1\/2 kg)<\/li>\n<\/ul>\n<\/div>\n<\/div>\n<\/div>\n<div id=\"cmsmasters_menu_item_3p56cx4gio\" class=\"cmsmasters_menu_item menu_best\">\n<div class=\"cmsmasters_menu_item_inner\">\n<div class=\"menu_title_wrap\">\n<h4 class=\"menu_title\">\u6fb3\u6d32\u8089\u87f9 <\/h4>\n<h6 class=\"cmsmasters_menu_price\">  <\/h6>\n<\/div>\n<div class=\"cmsmasters_menu_best_feature\">MARKET PRICE<\/div>\n<div class=\"menu_feature_list_wrap\">\n<ul class=\"menu_feature_list\">\n<li>Mud Crab(kg) <\/li>\n<li>Cua b\u00f9n s\u1ed1ng (gi\u00e1 theo c\u00e2n) <\/li>\n<\/ul>\n<\/div>\n<\/div>\n<\/div>\n<\/div>\n<\/div><\/div>\n<\/div>\n<\/div>\n<\/div>\n<\/div>\n<\/div>\n<div id=\"cmsmasters_row_h8yf71nd2\" class=\"cmsmasters_row cmsmasters_color_scheme_default cmsmasters_row_top_default cmsmasters_row_bot_default cmsmasters_row_boxed\">\n<div class=\"cmsmasters_row_outer_parent\">\n<div class=\"cmsmasters_row_outer\">\n<div class=\"cmsmasters_row_inner\">\n<div class=\"cmsmasters_row_margin\">\n<div id=\"cmsmasters_column_0tdjqic5ei\" class=\"cmsmasters_column one_first\">\n<div class=\"cmsmasters_column_inner\"><div class=\"cmsmasters_quotes cmsmasters_quotes_grid quote_one\">\n<span class=\"cmsmasters_quotes_vert\"><span><\/span><\/span><div class=\"cmsmasters_quotes_list\">\n<div class=\"cmsmasters_quote\">\n<!-- Start Quote Grid Article -->\r\n<article class=\"cmsmasters_quote_inner\">\r\n<div class=\"cmsmasters_quote_img_info_wrap\"><div class=\"cmsmasters_quote_icon cmsmasters-icon-custom-prata-quotes\"><\/div><blockquote class=\"cmsmasters_quote_content\">\n<p>\u6d77\u9c9c\u70f9\u8c03\u65b9\u6cd5<\/p>\n<p>Live Seafood Cooking Methods<\/p>\n<p>C\u00e1ch n\u1ea5u h\u1ea3i s\u1ea3n t\u01b0\u01a1i<\/p>\n<p>&nbsp;<\/p>\n<p>\u4e0a\u6e6f\u716e\/\u59dc\u8471\/\u6912\u76d0\/\u849c\u5b50\u725b\u6cb9\/\u907f\u98ce\u5858\/\u8c49\u6c41\/\u65b0\u52a0\u5761\/\u5ddd\u8fa3\/XO\u9171<\/p>\n<p>Supreme Cook\/\u00a0Ginger and Shallot\/Salt and Pepper\/Garlic Butter\/Black Bean Sauce\/Hong Kong Typhoon Shelter Cook\/\u00a0\u00a0\u00a0Singapore Style Cook\/Szechuan Style cook\/XO Sauce\/Steam<\/p>\n<p>G\u1eebng h\u00e0nh\/Chi\u00ean mu\u1ed1i ti\u00eau\/B\u01a1 t\u1ecfi\/S\u1ed1t \u0111\u1eadu \u0111en\/X\u00e0o ki\u1ec3u H\u1ed3ng K\u00f4ng\/ X\u00e0o ki\u1ec3u Singapore\/X\u00e0o ki\u1ec3u Szechuan\/S\u1ed1t XO\/H\u1ea5p<\/p>\n<p>&nbsp;<\/p>\n<p>\u9644\u52a0\u8d39\u7528 Extra charge\uff08ALL\uff09(Ph\u00ed t\u00ednh th\u00eam)<\/p>\n<p>\u4f0a\u9762 \u7c89\u4e1d \u6cb3\u7c89 \u7c73\u7c89\u5e95 +10.00<\/p>\n<p>E &#8211; fu noodle\/ Vermicelli\/Rice Noodles\/Rice vermicelli+10.00<\/p>\n<p>M\u00ec tr\u1ee9ng\/Mi\u1ebfn\/M\u00ec g\u1ea1o\/Mi\u1ebfn g\u1ea1o + 10.00<\/p>\n<p>Egg Yolk Sauce +$10<\/p>\n<p>S\u1ed1t tr\u1ee9ng<\/p>\n<p>\u6240\u6709\u6d77\u9c9c\u4ef7\u683c\u6309\u5f53\u5929\u5e02\u573a\u4ef7\uff08\u8bf7\u67e5\u8be2\u524d\u53f0\u670d\u52a1\u5458\uff09<\/p>\n<p>All seafood daily price<\/p>\n<p>Gi\u00e1 h\u1ea3i s\u1ea3n theo ng\u00e0y<\/p>\n<\/blockquote><div class=\"cmsmasters_quote_info_wrap\"><header class=\"cmsmasters_quote_header\"><h4 class=\"cmsmasters_quote_title\">Live Seafood Cooking Methods<\/h4><\/header><\/div><\/div><\/article>\r\n<!-- Finish Quote Grid Article -->\r\n\r\n<\/div>\n<span class=\"cl\"><\/span><\/div>\n<\/div>\n<\/div><\/div>\n<\/div>\n<\/div>\n<\/div>\n<\/div>\n<\/div>\n<div id=\"cmsmasters_row_38n5b7jjh\" class=\"cmsmasters_row cmsmasters_color_scheme_default cmsmasters_row_top_default cmsmasters_row_bot_default cmsmasters_row_boxed\">\n<div class=\"cmsmasters_row_outer_parent\">\n<div class=\"cmsmasters_row_outer\">\n<div class=\"cmsmasters_row_inner\">\n<div class=\"cmsmasters_row_margin\">\n<div id=\"cmsmasters_column_pg7nrja6g\" class=\"cmsmasters_column one_first\">\n<div class=\"cmsmasters_column_inner\"><div id=\"cmsmasters_heading_1abqjjw47f\" class=\"cmsmasters_heading_wrap cmsmasters_heading_align_center\">\n\t<h5 class=\"cmsmasters_heading\">MONDAY \u2013 SATURDAY : SERVICE 10:00 AM \u2013 10:30 PM<\/h5>\n<\/div><div id=\"cmsmasters_heading_dicyoyei3\" class=\"cmsmasters_heading_wrap cmsmasters_heading_align_center\">\n\t<h5 class=\"cmsmasters_heading\">338 MARRICKVILLE RD, MARRICKVILLE NSW 2204<\/h5>\n<\/div>\n<\/div><\/div>\n<\/div>\n<\/div>\n<div class=\"cmsmasters_row_inner\">\n<div class=\"cmsmasters_row_margin\">\n<div id=\"cmsmasters_column_klwn8gt618\" class=\"cmsmasters_column one_third\">\n<div class=\"cmsmasters_column_inner\"><\/div><\/div>\n<div id=\"cmsmasters_column_j0ifyt9fzh\" class=\"cmsmasters_column one_third\">\n<div class=\"cmsmasters_column_inner\"><div id=\"cmsmasters_icon_vg78dedwgn\" class=\"cmsmasters_icon_wrap\"><a href=\"#\"><span class=\"cmsmasters_simple_icon cmsmasters-icon-facebook-squared\"><\/span><span class=\"cmsmasters_simple_icon_title\"><\/span><\/a><\/div>\n<div id=\"cmsmasters_icon_3iowyvcqyc\" class=\"cmsmasters_icon_wrap\"><a href=\"#\"><span class=\"cmsmasters_simple_icon cmsmasters-icon-pinterest-squared\"><\/span><span class=\"cmsmasters_simple_icon_title\"><\/span><\/a><\/div>\n<div id=\"cmsmasters_icon_q565itdieo\" class=\"cmsmasters_icon_wrap\"><a href=\"#\"><span class=\"cmsmasters_simple_icon cmsmasters-icon-twitter-squared\"><\/span><span class=\"cmsmasters_simple_icon_title\"><\/span><\/a><\/div>\n<\/div><\/div>\n<div id=\"cmsmasters_column_rnviwk6zo\" class=\"cmsmasters_column one_third\">\n<div class=\"cmsmasters_column_inner\"><\/div><\/div>\n<\/div>\n<\/div>\n<\/div>\n<\/div>\n<\/div>\n<div id=\"cmsmasters_row_m2uz56f11l\" class=\"cmsmasters_row cmsmasters_color_scheme_default cmsmasters_row_top_default cmsmasters_row_bot_default cmsmasters_row_boxed\">\n<div class=\"cmsmasters_row_outer_parent\">\n<div class=\"cmsmasters_row_outer\">\n<div class=\"cmsmasters_row_inner\">\n<div class=\"cmsmasters_row_margin\">\n<div id=\"cmsmasters_column_dzl7oqnjc2\" class=\"cmsmasters_column one_first\">\n<div class=\"cmsmasters_column_inner\"><p><\/p>\n<\/div><\/div>\n<\/div>\n<\/div>\n<\/div>\n<\/div>\n<\/div>\n\n","protected":false},"excerpt":{"rendered":"","protected":false},"author":1,"featured_media":14792,"parent":0,"menu_order":0,"comment_status":"closed","ping_status":"closed","template":"","meta":[],"yoast_head":"<!-- This site is optimized with the Yoast SEO plugin v15.3 - https:\/\/yoast.com\/wordpress\/plugins\/seo\/ -->\n<title>Menu - Hung Cheung<\/title>\n<meta name=\"robots\" content=\"index, follow, max-snippet:-1, max-image-preview:large, max-video-preview:-1\" \/>\n<link rel=\"canonical\" href=\"http:\/\/hungcheung.com.au\/?page_id=529\" \/>\n<meta property=\"og:locale\" content=\"en_US\" \/>\n<meta property=\"og:type\" content=\"article\" \/>\n<meta property=\"og:title\" content=\"Menu - Hung Cheung\" \/>\n<meta property=\"og:url\" content=\"http:\/\/hungcheung.com.au\/?page_id=529\" \/>\n<meta property=\"og:site_name\" content=\"Hung Cheung\" \/>\n<meta property=\"article:modified_time\" content=\"2020-11-26T11:57:59+00:00\" \/>\n<meta property=\"og:image\" content=\"https:\/\/hungcheung.com.au\/wp-content\/uploads\/2020\/11\/hungcheung-home1-lobster.jpg\" \/>\n\t<meta property=\"og:image:width\" content=\"1291\" \/>\n\t<meta property=\"og:image:height\" content=\"863\" \/>\n<meta name=\"twitter:card\" content=\"summary_large_image\" \/>\n<meta name=\"twitter:label1\" content=\"Written by\">\n\t<meta name=\"twitter:data1\" content=\"hungcheung\">\n\t<meta name=\"twitter:label2\" content=\"Est. reading time\">\n\t<meta name=\"twitter:data2\" content=\"5 minutes\">\n<script type=\"application\/ld+json\" class=\"yoast-schema-graph\">{\"@context\":\"https:\/\/schema.org\",\"@graph\":[{\"@type\":\"WebSite\",\"@id\":\"https:\/\/hungcheung.com.au\/#website\",\"url\":\"https:\/\/hungcheung.com.au\/\",\"name\":\"Hung Cheung\",\"description\":\"Just another WordPress site\",\"potentialAction\":[{\"@type\":\"SearchAction\",\"target\":\"https:\/\/hungcheung.com.au\/?s={search_term_string}\",\"query-input\":\"required name=search_term_string\"}],\"inLanguage\":\"en-US\"},{\"@type\":\"ImageObject\",\"@id\":\"http:\/\/hungcheung.com.au\/?page_id=529#primaryimage\",\"inLanguage\":\"en-US\",\"url\":\"https:\/\/hungcheung.com.au\/wp-content\/uploads\/2020\/11\/hungcheung-home1-lobster.jpg\",\"width\":1291,\"height\":863},{\"@type\":\"WebPage\",\"@id\":\"http:\/\/hungcheung.com.au\/?page_id=529#webpage\",\"url\":\"http:\/\/hungcheung.com.au\/?page_id=529\",\"name\":\"Menu - Hung Cheung\",\"isPartOf\":{\"@id\":\"https:\/\/hungcheung.com.au\/#website\"},\"primaryImageOfPage\":{\"@id\":\"http:\/\/hungcheung.com.au\/?page_id=529#primaryimage\"},\"datePublished\":\"2015-04-20T11:50:56+00:00\",\"dateModified\":\"2020-11-26T11:57:59+00:00\",\"inLanguage\":\"en-US\",\"potentialAction\":[{\"@type\":\"ReadAction\",\"target\":[\"http:\/\/hungcheung.com.au\/?page_id=529\"]}]}]}<\/script>\n<!-- \/ Yoast SEO plugin. -->","_links":{"self":[{"href":"https:\/\/hungcheung.com.au\/index.php?rest_route=\/wp\/v2\/pages\/529"}],"collection":[{"href":"https:\/\/hungcheung.com.au\/index.php?rest_route=\/wp\/v2\/pages"}],"about":[{"href":"https:\/\/hungcheung.com.au\/index.php?rest_route=\/wp\/v2\/types\/page"}],"author":[{"embeddable":true,"href":"https:\/\/hungcheung.com.au\/index.php?rest_route=\/wp\/v2\/users\/1"}],"replies":[{"embeddable":true,"href":"https:\/\/hungcheung.com.au\/index.php?rest_route=%2Fwp%2Fv2%2Fcomments&post=529"}],"version-history":[{"count":14,"href":"https:\/\/hungcheung.com.au\/index.php?rest_route=\/wp\/v2\/pages\/529\/revisions"}],"predecessor-version":[{"id":15004,"href":"https:\/\/hungcheung.com.au\/index.php?rest_route=\/wp\/v2\/pages\/529\/revisions\/15004"}],"wp:featuredmedia":[{"embeddable":true,"href":"https:\/\/hungcheung.com.au\/index.php?rest_route=\/wp\/v2\/media\/14792"}],"wp:attachment":[{"href":"https:\/\/hungcheung.com.au\/index.php?rest_route=%2Fwp%2Fv2%2Fmedia&parent=529"}],"curies":[{"name":"wp","href":"https:\/\/api.w.org\/{rel}","templated":true}]}}